{"id":473,"date":"2025-01-25T11:47:11","date_gmt":"2025-01-25T11:47:11","guid":{"rendered":"https:\/\/sajatital.hu\/?page_id=263"},"modified":"2026-04-03T19:51:18","modified_gmt":"2026-04-03T19:51:18","slug":"fooldal","status":"publish","type":"page","link":"https:\/\/sajatital.hu\/index.php\/de\/fooldal\/","title":{"rendered":"F\u0151oldal &#8211; Deutsch"},"content":{"rendered":"\t\t<div data-elementor-type=\"wp-page\" data-elementor-id=\"473\" class=\"elementor elementor-473\" data-elementor-post-type=\"page\">\n\t\t\t\t<div class=\"elementor-element elementor-element-a1ffac1 e-con-full e-flex e-con e-parent\" data-id=\"a1ffac1\" data-element_type=\"container\" data-e-type=\"container\" data-settings=\"{&quot;background_background&quot;:&quot;classic&quot;}\">\n\t\t\t\t<div class=\"elementor-element elementor-element-2c347c6 elementor-widget elementor-widget-video\" data-id=\"2c347c6\" data-element_type=\"widget\" data-e-type=\"widget\" data-settings=\"{&quot;video_type&quot;:&quot;hosted&quot;,&quot;autoplay&quot;:&quot;yes&quot;,&quot;play_on_mobile&quot;:&quot;yes&quot;,&quot;loop&quot;:&quot;yes&quot;,&quot;controls&quot;:&quot;yes&quot;}\" data-widget_type=\"video.default\">\n\t\t\t\t<div class=\"elementor-widget-container\">\n\t\t\t\t\t\t\t<div class=\"e-hosted-video elementor-wrapper elementor-open-inline\">\n\t\t\t\t\t<video class=\"elementor-video\" src=\"https:\/\/www.sajatital.hu\/video\/Rekl\u00e1m-N\u00e9met-verzi\u00f3-4k.mp4\" autoplay=\"\" loop=\"\" controls=\"\" playsinline=\"\" controlsList=\"nodownload\"><\/video>\n\t\t\t\t<\/div>\n\t\t\t\t\t\t<\/div>\n\t\t\t\t<\/div>\n\t\t\t\t<\/div>\n\t\t<div class=\"elementor-element elementor-element-943eb4e e-con-full fixed-bg-section e-flex e-con e-parent\" data-id=\"943eb4e\" data-element_type=\"container\" data-e-type=\"container\" data-settings=\"{&quot;background_background&quot;:&quot;classic&quot;,&quot;background_motion_fx_motion_fx_scrolling&quot;:&quot;yes&quot;,&quot;background_motion_fx_devices&quot;:[&quot;desktop&quot;,&quot;tablet&quot;,&quot;mobile&quot;]}\">\n\t\t<div class=\"elementor-element elementor-element-bb49653 e-con-full fixed-bg-section e-flex e-con e-child\" data-id=\"bb49653\" data-element_type=\"container\" data-e-type=\"container\" data-settings=\"{&quot;background_background&quot;:&quot;classic&quot;}\">\n\t\t<div class=\"elementor-element elementor-element-38d3c2a e-con-full e-flex e-con e-child\" data-id=\"38d3c2a\" data-element_type=\"container\" data-e-type=\"container\">\n\t\t\t\t<div class=\"elementor-element elementor-element-41f6658 elementor-nav-menu__align-center elementor-nav-menu__text-align-center lang-item elementor-nav-menu--dropdown-tablet elementor-widget elementor-widget-nav-menu\" data-id=\"41f6658\" data-element_type=\"widget\" data-e-type=\"widget\" data-settings=\"{&quot;layout&quot;:&quot;horizontal&quot;,&quot;submenu_icon&quot;:{&quot;value&quot;:&quot;&lt;svg aria-hidden=\\&quot;true\\&quot; class=\\&quot;e-font-icon-svg e-fas-caret-down\\&quot; viewBox=\\&quot;0 0 320 512\\&quot; xmlns=\\&quot;http:\\\/\\\/www.w3.org\\\/2000\\\/svg\\&quot;&gt;&lt;path d=\\&quot;M31.3 192h257.3c17.8 0 26.7 21.5 14.1 34.1L174.1 354.8c-7.8 7.8-20.5 7.8-28.3 0L17.2 226.1C4.6 213.5 13.5 192 31.3 192z\\&quot;&gt;&lt;\\\/path&gt;&lt;\\\/svg&gt;&quot;,&quot;library&quot;:&quot;fa-solid&quot;}}\" data-widget_type=\"nav-menu.default\">\n\t\t\t\t<div class=\"elementor-widget-container\">\n\t\t\t\t\t\t\t\t<nav aria-label=\"Men\u00fc\" class=\"elementor-nav-menu--main elementor-nav-menu__container elementor-nav-menu--layout-horizontal e--pointer-underline e--animation-fade\">\n\t\t\t\t<ul id=\"menu-1-41f6658\" class=\"elementor-nav-menu\"><li class=\"menu-item menu-item-type-custom menu-item-object-custom menu-item-466\"><a href=\"#pll_switcher\" class=\"elementor-item elementor-item-anchor\">Nyelvek<\/a><\/li>\n<\/ul>\t\t\t<\/nav>\n\t\t\t\t\t\t<nav class=\"elementor-nav-menu--dropdown elementor-nav-menu__container\" aria-hidden=\"true\">\n\t\t\t\t<ul id=\"menu-2-41f6658\" class=\"elementor-nav-menu\"><li class=\"menu-item menu-item-type-custom menu-item-object-custom menu-item-466\"><a href=\"#pll_switcher\" class=\"elementor-item elementor-item-anchor\" tabindex=\"-1\">Nyelvek<\/a><\/li>\n<\/ul>\t\t\t<\/nav>\n\t\t\t\t\t\t<\/div>\n\t\t\t\t<\/div>\n\t\t\t\t<div class=\"elementor-element elementor-element-13e850d elementor-widget elementor-widget-image\" data-id=\"13e850d\" data-element_type=\"widget\" data-e-type=\"widget\" data-widget_type=\"image.default\">\n\t\t\t\t<div class=\"elementor-widget-container\">\n\t\t\t\t\t\t\t\t\t\t\t\t\t\t\t<img fetchpriority=\"high\" decoding=\"async\" width=\"768\" height=\"142\" src=\"https:\/\/sajatital.hu\/wp-content\/uploads\/2025\/02\/sajtailtal.hu-4-768x142.png\" class=\"attachment-medium_large size-medium_large wp-image-459\" alt=\"\" srcset=\"https:\/\/sajatital.hu\/wp-content\/uploads\/2025\/02\/sajtailtal.hu-4-768x142.png 768w, https:\/\/sajatital.hu\/wp-content\/uploads\/2025\/02\/sajtailtal.hu-4-300x55.png 300w, https:\/\/sajatital.hu\/wp-content\/uploads\/2025\/02\/sajtailtal.hu-4-1024x189.png 1024w, https:\/\/sajatital.hu\/wp-content\/uploads\/2025\/02\/sajtailtal.hu-4-1536x283.png 1536w, https:\/\/sajatital.hu\/wp-content\/uploads\/2025\/02\/sajtailtal.hu-4.png 1584w\" sizes=\"(max-width: 768px) 100vw, 768px\" \/>\t\t\t\t\t\t\t\t\t\t\t\t\t\t\t<\/div>\n\t\t\t\t<\/div>\n\t\t\t\t<div class=\"elementor-element elementor-element-742e484 elementor-arrows-position-inside elementor-pagination-position-outside elementor-widget elementor-widget-image-carousel\" data-id=\"742e484\" data-element_type=\"widget\" data-e-type=\"widget\" data-settings=\"{&quot;slides_to_show&quot;:&quot;1&quot;,&quot;navigation&quot;:&quot;both&quot;,&quot;autoplay&quot;:&quot;yes&quot;,&quot;pause_on_hover&quot;:&quot;yes&quot;,&quot;pause_on_interaction&quot;:&quot;yes&quot;,&quot;autoplay_speed&quot;:5000,&quot;infinite&quot;:&quot;yes&quot;,&quot;effect&quot;:&quot;slide&quot;,&quot;speed&quot;:500}\" data-widget_type=\"image-carousel.default\">\n\t\t\t\t<div class=\"elementor-widget-container\">\n\t\t\t\t\t\t\t<div class=\"elementor-image-carousel-wrapper swiper\" role=\"region\" aria-roledescription=\"carousel\" aria-label=\"K\u00e9p k\u00f6rhinta\" dir=\"ltr\">\n\t\t\t<div class=\"elementor-image-carousel swiper-wrapper\" aria-live=\"off\">\n\t\t\t\t\t\t\t\t<div class=\"swiper-slide\" role=\"group\" aria-roledescription=\"slide\" aria-label=\"1 von 3\"><figure class=\"swiper-slide-inner\"><img decoding=\"async\" class=\"swiper-slide-image\" src=\"https:\/\/sajatital.hu\/wp-content\/uploads\/2025\/02\/4-1de-768x432.png\" alt=\"4-1de\" \/><\/figure><\/div><div class=\"swiper-slide\" role=\"group\" aria-roledescription=\"slide\" aria-label=\"2 von 3\"><figure class=\"swiper-slide-inner\"><img decoding=\"async\" class=\"swiper-slide-image\" src=\"https:\/\/sajatital.hu\/wp-content\/uploads\/2025\/02\/5-2de-768x432.png\" alt=\"5-2de\" \/><\/figure><\/div><div class=\"swiper-slide\" role=\"group\" aria-roledescription=\"slide\" aria-label=\"3 von 3\"><figure class=\"swiper-slide-inner\"><img decoding=\"async\" class=\"swiper-slide-image\" src=\"https:\/\/sajatital.hu\/wp-content\/uploads\/2025\/02\/11-2de-768x432.png\" alt=\"11-2de\" \/><\/figure><\/div>\t\t\t<\/div>\n\t\t\t\t\t\t\t\t\t\t\t\t<div class=\"elementor-swiper-button elementor-swiper-button-prev\" role=\"button\" tabindex=\"0\">\n\t\t\t\t\t\t<svg aria-hidden=\"true\" class=\"e-font-icon-svg e-eicon-chevron-left\" viewBox=\"0 0 1000 1000\" xmlns=\"http:\/\/www.w3.org\/2000\/svg\"><path d=\"M646 125C629 125 613 133 604 142L308 442C296 454 292 471 292 487 292 504 296 521 308 533L604 854C617 867 629 875 646 875 663 875 679 871 692 858 704 846 713 829 713 812 713 796 708 779 692 767L438 487 692 225C700 217 708 204 708 187 708 171 704 154 692 142 675 129 663 125 646 125Z\"><\/path><\/svg>\t\t\t\t\t<\/div>\n\t\t\t\t\t<div class=\"elementor-swiper-button elementor-swiper-button-next\" role=\"button\" tabindex=\"0\">\n\t\t\t\t\t\t<svg aria-hidden=\"true\" class=\"e-font-icon-svg e-eicon-chevron-right\" viewBox=\"0 0 1000 1000\" xmlns=\"http:\/\/www.w3.org\/2000\/svg\"><path d=\"M696 533C708 521 713 504 713 487 713 471 708 454 696 446L400 146C388 133 375 125 354 125 338 125 325 129 313 142 300 154 292 171 292 187 292 204 296 221 308 233L563 492 304 771C292 783 288 800 288 817 288 833 296 850 308 863 321 871 338 875 354 875 371 875 388 867 400 854L696 533Z\"><\/path><\/svg>\t\t\t\t\t<\/div>\n\t\t\t\t\n\t\t\t\t\t\t\t\t\t<div class=\"swiper-pagination\"><\/div>\n\t\t\t\t\t\t\t\t\t<\/div>\n\t\t\t\t\t\t<\/div>\n\t\t\t\t<\/div>\n\t\t\t\t<div class=\"elementor-element elementor-element-1f2224f elementor-widget elementor-widget-text-editor\" data-id=\"1f2224f\" data-element_type=\"widget\" data-e-type=\"widget\" data-settings=\"{&quot;_animation&quot;:&quot;none&quot;}\" data-widget_type=\"text-editor.default\">\n\t\t\t\t<div class=\"elementor-widget-container\">\n\t\t\t\t\t\t\t\t\t<p>Lassen Sie Ihr Unternehmen mit einem eigenen Energy-Drink oder einem fruchtigen, kohlens\u00e4urehaltigen Erfrischungsgetr\u00e4nk gl\u00e4nzen \u2013 nat\u00fcrlich mit Ihrem individuellen Logo!<\/p><p>Sie haben die Vision, wir setzen sie um!<\/p><p>Alles, was Sie tun m\u00fcssen, ist, mit uns in Kontakt zu treten und uns die Details zu \u00fcberlassen.<\/p><p>So l\u00e4uft die Produktion ab:<\/p><ul><li>Konzeption (optional durch uns \u00fcbernehmbar)<\/li><li>Grafikdesign (optional durch uns \u00fcbernehmbar)<\/li><li>Herstellung des Produkts<\/li><li>Verpackung<\/li><li>Lieferung<\/li><\/ul>\t\t\t\t\t\t\t\t<\/div>\n\t\t\t\t<\/div>\n\t\t\t\t<div class=\"elementor-element elementor-element-f3df093 elementor-widget elementor-widget-text-editor\" data-id=\"f3df093\" data-element_type=\"widget\" data-e-type=\"widget\" data-widget_type=\"text-editor.default\">\n\t\t\t\t<div class=\"elementor-widget-container\">\n\t\t\t\t\t\t\t\t\t<p>Unser Produkt eignet sich perfekt f\u00fcr:<\/p><p>Unternehmen, Sportvereine, Events, Festivals, Hochzeiten und alle besonderen Anl\u00e4sse, bei denen es darauf ankommt, positive Emotionen, Gedanken und Erinnerungen bei den Konsumenten zu wecken!<\/p><p>Handel &amp; Marketing:<br \/>Unser Produkt kann mit EAN-Code versehen und im Handel weiterverkauft werden. Falls Sie es als Marketinginstrument nutzen, k\u00f6nnen die Kosten vollst\u00e4ndig steuerlich geltend gemacht werden!<\/p><p>Produktdetails:<br \/>Die Zutatenliste, das ausgelegte Design sowie eine interaktive 360\u00b0-Ansicht der Verpackung finden Sie im Anhang.<\/p><p>Energydrink &amp; Holunder-Zitronenlimonade (250 ml, Aluminiumdose):<\/p><p>ab 480 St\u00fcck: 399 HUF + MwSt. (+50 HUF Pfand)<br \/>ab 960 St\u00fcck: 349 HUF + MwSt. (+50 HUF Pfand)<br \/>ab 1.440 St\u00fcck: 299 HUF + MwSt. (+50 HUF Pfand)<br \/>ab 1.920 St\u00fcck: 279 HUF + MwSt. (+50 HUF Pfand)<br \/>ab 2.880 St\u00fcck: 259 HUF + MwSt. (+50 HUF Pfand)<br \/>ab 5.760 St\u00fcck: 239 HUF + MwSt. (+50 HUF Pfand)<br \/>ab 11.520 St\u00fcck: 199 HUF + MwSt. (+50 HUF Pfand)<\/p><p>Einmalige Konvertierungs-\/Einrichtungsgeb\u00fchr: 8.000 HUF<\/p><p>Zitronen-Minze Getr\u00e4nk (330 ml):<\/p><p>ab 5.000 St\u00fcck: 259 HUF + MwSt. (+50 HUF Pfand)<\/p><p>Bei Produkten mit Lackveredelung und\/oder Pr\u00e4gung sowie Gold- oder Silber-Kaltfolienveredelung erfolgt die Preisgestaltung individuell, abh\u00e4ngig von Gr\u00f6\u00dfe und Komplexit\u00e4t der Grafik.<\/p><p>Lieferung:<\/p><p>Kostenlose Lieferung innerhalb von Budapest<br \/>Ab 5.760 St\u00fcck auch landesweit kostenlos<\/p><p>Die verpflichtenden Kennzeichnungselemente und deren Ma\u00dfe stellen wir Ihnen gerne als Blanko-Vorlage zur Verf\u00fcgung oder erstellen das Layout nach Vereinbarung f\u00fcr Sie.<\/p><p>Produktionszeit:<br \/>4\u20136 Wochen ab final freigegebener Druckvorlage<\/p><p>Bei laufenden bzw. regelm\u00e4\u00dfigen Bestellungen bieten wir individuelle Konditionen an.<\/p><p>Bestellungen und Anfragen ausschlie\u00dflich per E-Mail:<br \/><a rel=\"noopener\">sajatital.hu@gmail.com<\/a><\/p><p>Wir freuen uns auf Ihre Anfrage!<\/p>\t\t\t\t\t\t\t\t<\/div>\n\t\t\t\t<\/div>\n\t\t<div class=\"elementor-element elementor-element-358945b e-con-full e-flex e-con e-child\" data-id=\"358945b\" data-element_type=\"container\" data-e-type=\"container\">\n\t\t<div class=\"elementor-element elementor-element-f61da06 e-con-full e-flex e-con e-child\" data-id=\"f61da06\" data-element_type=\"container\" data-e-type=\"container\">\n\t\t<div class=\"elementor-element elementor-element-9ab3a8b e-con-full e-flex e-con e-child\" data-id=\"9ab3a8b\" data-element_type=\"container\" data-e-type=\"container\">\n\t\t\t\t<div class=\"elementor-element elementor-element-724c003 elementor-widget elementor-widget-image\" data-id=\"724c003\" data-element_type=\"widget\" data-e-type=\"widget\" data-widget_type=\"image.default\">\n\t\t\t\t<div class=\"elementor-widget-container\">\n\t\t\t\t\t\t\t\t\t\t\t\t\t\t\t<img decoding=\"async\" src=\"https:\/\/sajatital.hu\/wp-content\/uploads\/elementor\/thumbs\/2-r0o0uvcxr0detzjl1za0rtqfw9pwvsbn48cx2g95s4.jpg\" title=\"2\" alt=\"2\" loading=\"lazy\" \/>\t\t\t\t\t\t\t\t\t\t\t\t\t\t\t<\/div>\n\t\t\t\t<\/div>\n\t\t\t\t<\/div>\n\t\t<div class=\"elementor-element elementor-element-071f35d e-con-full e-flex e-con e-child\" data-id=\"071f35d\" data-element_type=\"container\" data-e-type=\"container\">\n\t\t\t\t<div class=\"elementor-element elementor-element-13f92cc elementor-widget elementor-widget-heading\" data-id=\"13f92cc\" data-element_type=\"widget\" data-e-type=\"widget\" data-widget_type=\"heading.default\">\n\t\t\t\t<div class=\"elementor-widget-container\">\n\t\t\t\t\t<h2 class=\"elementor-heading-title elementor-size-default\">\u00dcber unseren Energy-Drink<\/h2>\t\t\t\t<\/div>\n\t\t\t\t<\/div>\n\t\t\t\t<div class=\"elementor-element elementor-element-9cdc651 elementor-widget elementor-widget-text-editor\" data-id=\"9cdc651\" data-element_type=\"widget\" data-e-type=\"widget\" data-widget_type=\"text-editor.default\">\n\t\t\t\t<div class=\"elementor-widget-container\">\n\t\t\t\t\t\t\t\t\t<h3>Fruchtiger Wirbel f\u00fcr den t\u00e4glichen Energieschub!<\/h3><p>Lassen Sie sich von unserem spritzigen Tutti-Frutti-Geschmack mit Energie versorgen! Ein koffein- und vitaminhaltiger, kohlens\u00e4urehaltiger Energy-Drink f\u00fcr mehr Leistung und Ausdauer.<\/p><p>Hoher Koffeingehalt: 32 mg\/100 ml<\/p><p>\u26a0\ufe0f <strong>Wichtige Hinweise:<\/strong><br \/>Nicht empfohlen f\u00fcr Kinder, schwangere oder stillende Frauen. Personen mit Bluthochdruck, Herzkrankheiten oder Koffeinempfindlichkeit sollten den Konsum vermeiden. Der Genuss in Kombination mit Alkohol wird nicht empfohlen.<\/p><p>Bestellungen ausschlie\u00dflich per E-Mail:<br \/><a rel=\"noopener\">sajatital.hu@gmail.com<\/a><\/p>\t\t\t\t\t\t\t\t<\/div>\n\t\t\t\t<\/div>\n\t\t\t\t<\/div>\n\t\t\t\t<\/div>\n\t\t\t\t<\/div>\n\t\t<div class=\"elementor-element elementor-element-01794d1 e-con-full e-flex e-con e-child\" data-id=\"01794d1\" data-element_type=\"container\" data-e-type=\"container\">\n\t\t<div class=\"elementor-element elementor-element-67cbcdf e-con-full e-flex e-con e-child\" data-id=\"67cbcdf\" data-element_type=\"container\" data-e-type=\"container\">\n\t\t<div class=\"elementor-element elementor-element-5b2cc87 e-con-full e-flex e-con e-child\" data-id=\"5b2cc87\" data-element_type=\"container\" data-e-type=\"container\">\n\t\t\t\t<div class=\"elementor-element elementor-element-666ca8b elementor-widget elementor-widget-video\" data-id=\"666ca8b\" data-element_type=\"widget\" data-e-type=\"widget\" data-settings=\"{&quot;video_type&quot;:&quot;hosted&quot;,&quot;autoplay&quot;:&quot;yes&quot;,&quot;controls&quot;:&quot;yes&quot;}\" data-widget_type=\"video.default\">\n\t\t\t\t<div class=\"elementor-widget-container\">\n\t\t\t\t\t\t\t<div class=\"e-hosted-video elementor-wrapper elementor-open-inline\">\n\t\t\t\t\t<video class=\"elementor-video\" src=\"https:\/\/sajatital.hu\/video\/hirdetes.webm\" autoplay=\"\" controls=\"\" controlsList=\"nodownload\"><\/video>\n\t\t\t\t<\/div>\n\t\t\t\t\t\t<\/div>\n\t\t\t\t<\/div>\n\t\t\t\t<\/div>\n\t\t<div class=\"elementor-element elementor-element-3a07fe0 e-con-full e-flex e-con e-child\" data-id=\"3a07fe0\" data-element_type=\"container\" data-e-type=\"container\">\n\t\t\t\t<div class=\"elementor-element elementor-element-7b32144 elementor-widget elementor-widget-video\" data-id=\"7b32144\" data-element_type=\"widget\" data-e-type=\"widget\" data-settings=\"{&quot;video_type&quot;:&quot;hosted&quot;,&quot;autoplay&quot;:&quot;yes&quot;,&quot;controls&quot;:&quot;yes&quot;}\" data-widget_type=\"video.default\">\n\t\t\t\t<div class=\"elementor-widget-container\">\n\t\t\t\t\t\t\t<div class=\"e-hosted-video elementor-wrapper elementor-open-inline\">\n\t\t\t\t\t<video class=\"elementor-video\" src=\"https:\/\/sajatital.hu\/video\/pizza.webm\" autoplay=\"\" controls=\"\" controlsList=\"nodownload\"><\/video>\n\t\t\t\t<\/div>\n\t\t\t\t\t\t<\/div>\n\t\t\t\t<\/div>\n\t\t\t\t<\/div>\n\t\t\t\t<\/div>\n\t\t\t\t<\/div>\n\t\t\t\t<\/div>\n\t\t\t\t<\/div>\n\t\t\t\t<\/div>\n\t\t\t\t<\/div>\n\t\t","protected":false},"excerpt":{"rendered":"<p>https:\/\/www.sajatital.hu\/video\/Rekl\u00e1m-N\u00e9met-verzi\u00f3-4k.mp4 Lassen Sie Ihr Unternehmen mit einem eigenen Energy-Drink oder einem fruchtigen, kohlens\u00e4urehaltigen Erfrischungsgetr\u00e4nk gl\u00e4nzen \u2013 nat\u00fcrlich mit Ihrem individuellen Logo! Sie haben die Vision, wir setzen sie um! Alles, was Sie tun m\u00fcssen, ist, mit uns in Kontakt zu treten und uns die Details zu \u00fcberlassen. So l\u00e4uft die Produktion ab: Konzeption (optional durch &#8230; <a title=\"F\u0151oldal &#8211; Deutsch\" class=\"read-more\" href=\"https:\/\/sajatital.hu\/index.php\/de\/fooldal\/\" aria-label=\"Read more about F\u0151oldal &#8211; Deutsch\">Olvass tov\u00e1bb<\/a><\/p>\n","protected":false},"author":1,"featured_media":0,"parent":0,"menu_order":0,"comment_status":"closed","ping_status":"closed","template":"elementor_header_footer","meta":{"footnotes":""},"class_list":["post-473","page","type-page","status-publish"],"lang":"de","translations":{"de":473,"hu":263,"en":474},"pll_sync_post":[],"_links":{"self":[{"href":"https:\/\/sajatital.hu\/index.php\/wp-json\/wp\/v2\/pages\/473","targetHints":{"allow":["GET"]}}],"collection":[{"href":"https:\/\/sajatital.hu\/index.php\/wp-json\/wp\/v2\/pages"}],"about":[{"href":"https:\/\/sajatital.hu\/index.php\/wp-json\/wp\/v2\/types\/page"}],"author":[{"embeddable":true,"href":"https:\/\/sajatital.hu\/index.php\/wp-json\/wp\/v2\/users\/1"}],"replies":[{"embeddable":true,"href":"https:\/\/sajatital.hu\/index.php\/wp-json\/wp\/v2\/comments?post=473"}],"version-history":[{"count":21,"href":"https:\/\/sajatital.hu\/index.php\/wp-json\/wp\/v2\/pages\/473\/revisions"}],"predecessor-version":[{"id":920,"href":"https:\/\/sajatital.hu\/index.php\/wp-json\/wp\/v2\/pages\/473\/revisions\/920"}],"wp:attachment":[{"href":"https:\/\/sajatital.hu\/index.php\/wp-json\/wp\/v2\/media?parent=473"}],"curies":[{"name":"wp","href":"https:\/\/api.w.org\/{rel}","templated":true}]}}