{"id":263,"date":"2025-01-25T11:47:11","date_gmt":"2025-01-25T11:47:11","guid":{"rendered":"https:\/\/sajatital.hu\/?page_id=263"},"modified":"2026-04-03T19:39:23","modified_gmt":"2026-04-03T19:39:23","slug":"fooldal","status":"publish","type":"page","link":"https:\/\/sajatital.hu\/","title":{"rendered":"F\u0151oldal"},"content":{"rendered":"\t\t<div data-elementor-type=\"wp-page\" data-elementor-id=\"263\" class=\"elementor elementor-263\" data-elementor-post-type=\"page\">\n\t\t\t\t<div class=\"elementor-element elementor-element-a1ffac1 e-con-full fixed-bg-section e-flex e-con e-parent\" data-id=\"a1ffac1\" data-element_type=\"container\" data-e-type=\"container\" data-settings=\"{&quot;background_background&quot;:&quot;classic&quot;}\">\n\t\t\t\t<div class=\"elementor-element elementor-element-2c347c6 elementor-widget elementor-widget-video\" data-id=\"2c347c6\" data-element_type=\"widget\" data-e-type=\"widget\" data-settings=\"{&quot;video_type&quot;:&quot;hosted&quot;,&quot;autoplay&quot;:&quot;yes&quot;,&quot;play_on_mobile&quot;:&quot;yes&quot;,&quot;loop&quot;:&quot;yes&quot;,&quot;controls&quot;:&quot;yes&quot;}\" data-widget_type=\"video.default\">\n\t\t\t\t<div class=\"elementor-widget-container\">\n\t\t\t\t\t\t\t<div class=\"e-hosted-video elementor-wrapper elementor-open-inline\">\n\t\t\t\t\t<video class=\"elementor-video\" src=\"https:\/\/sajatital.hu\/video\/Reklam-Magyar-verzio-4k.mp4\" autoplay=\"\" loop=\"\" controls=\"\" playsinline=\"\" controlsList=\"nodownload\"><\/video>\n\t\t\t\t<\/div>\n\t\t\t\t\t\t<\/div>\n\t\t\t\t<\/div>\n\t\t\t\t<\/div>\n\t\t<div class=\"elementor-element elementor-element-943eb4e e-con-full fixed-bg-section e-flex e-con e-parent\" data-id=\"943eb4e\" data-element_type=\"container\" data-e-type=\"container\" data-settings=\"{&quot;background_background&quot;:&quot;classic&quot;}\">\n\t\t<div class=\"elementor-element elementor-element-0cac96a e-con-full e-flex e-con e-child\" data-id=\"0cac96a\" data-element_type=\"container\" data-e-type=\"container\">\n\t\t\t\t<div class=\"elementor-element elementor-element-96d9c29 elementor-nav-menu__align-center elementor-nav-menu__text-align-center lang-item elementor-nav-menu--dropdown-tablet elementor-widget elementor-widget-nav-menu\" data-id=\"96d9c29\" data-element_type=\"widget\" data-e-type=\"widget\" data-settings=\"{&quot;layout&quot;:&quot;horizontal&quot;,&quot;submenu_icon&quot;:{&quot;value&quot;:&quot;&lt;svg aria-hidden=\\&quot;true\\&quot; class=\\&quot;e-font-icon-svg e-fas-caret-down\\&quot; viewBox=\\&quot;0 0 320 512\\&quot; xmlns=\\&quot;http:\\\/\\\/www.w3.org\\\/2000\\\/svg\\&quot;&gt;&lt;path d=\\&quot;M31.3 192h257.3c17.8 0 26.7 21.5 14.1 34.1L174.1 354.8c-7.8 7.8-20.5 7.8-28.3 0L17.2 226.1C4.6 213.5 13.5 192 31.3 192z\\&quot;&gt;&lt;\\\/path&gt;&lt;\\\/svg&gt;&quot;,&quot;library&quot;:&quot;fa-solid&quot;}}\" data-widget_type=\"nav-menu.default\">\n\t\t\t\t<div class=\"elementor-widget-container\">\n\t\t\t\t\t\t\t\t<nav aria-label=\"Men\u00fc\" class=\"elementor-nav-menu--main elementor-nav-menu__container elementor-nav-menu--layout-horizontal e--pointer-underline e--animation-fade\">\n\t\t\t\t<ul id=\"menu-1-96d9c29\" class=\"elementor-nav-menu\"><li class=\"menu-item menu-item-type-custom menu-item-object-custom menu-item-466\"><a href=\"#pll_switcher\" class=\"elementor-item elementor-item-anchor\">Nyelvek<\/a><\/li>\n<\/ul>\t\t\t<\/nav>\n\t\t\t\t\t\t<nav class=\"elementor-nav-menu--dropdown elementor-nav-menu__container\" aria-hidden=\"true\">\n\t\t\t\t<ul id=\"menu-2-96d9c29\" class=\"elementor-nav-menu\"><li class=\"menu-item menu-item-type-custom menu-item-object-custom menu-item-466\"><a href=\"#pll_switcher\" class=\"elementor-item elementor-item-anchor\" tabindex=\"-1\">Nyelvek<\/a><\/li>\n<\/ul>\t\t\t<\/nav>\n\t\t\t\t\t\t<\/div>\n\t\t\t\t<\/div>\n\t\t\t\t<div class=\"elementor-element elementor-element-4232adb elementor-widget elementor-widget-image\" data-id=\"4232adb\" data-element_type=\"widget\" data-e-type=\"widget\" data-widget_type=\"image.default\">\n\t\t\t\t<div class=\"elementor-widget-container\">\n\t\t\t\t\t\t\t\t\t\t\t\t\t\t\t<img fetchpriority=\"high\" decoding=\"async\" width=\"768\" height=\"142\" src=\"https:\/\/sajatital.hu\/wp-content\/uploads\/2025\/02\/sajtailtal.hu-4-768x142.png\" class=\"attachment-medium_large size-medium_large wp-image-459\" alt=\"\" srcset=\"https:\/\/sajatital.hu\/wp-content\/uploads\/2025\/02\/sajtailtal.hu-4-768x142.png 768w, https:\/\/sajatital.hu\/wp-content\/uploads\/2025\/02\/sajtailtal.hu-4-300x55.png 300w, https:\/\/sajatital.hu\/wp-content\/uploads\/2025\/02\/sajtailtal.hu-4-1024x189.png 1024w, https:\/\/sajatital.hu\/wp-content\/uploads\/2025\/02\/sajtailtal.hu-4-1536x283.png 1536w, https:\/\/sajatital.hu\/wp-content\/uploads\/2025\/02\/sajtailtal.hu-4.png 1584w\" sizes=\"(max-width: 768px) 100vw, 768px\" \/>\t\t\t\t\t\t\t\t\t\t\t\t\t\t\t<\/div>\n\t\t\t\t<\/div>\n\t\t\t\t<div class=\"elementor-element elementor-element-7942754 elementor-arrows-position-inside elementor-pagination-position-outside elementor-widget elementor-widget-image-carousel\" data-id=\"7942754\" data-element_type=\"widget\" data-e-type=\"widget\" data-settings=\"{&quot;slides_to_show&quot;:&quot;1&quot;,&quot;navigation&quot;:&quot;both&quot;,&quot;autoplay&quot;:&quot;yes&quot;,&quot;pause_on_hover&quot;:&quot;yes&quot;,&quot;pause_on_interaction&quot;:&quot;yes&quot;,&quot;autoplay_speed&quot;:5000,&quot;infinite&quot;:&quot;yes&quot;,&quot;effect&quot;:&quot;slide&quot;,&quot;speed&quot;:500}\" data-widget_type=\"image-carousel.default\">\n\t\t\t\t<div class=\"elementor-widget-container\">\n\t\t\t\t\t\t\t<div class=\"elementor-image-carousel-wrapper swiper\" role=\"region\" aria-roledescription=\"carousel\" aria-label=\"K\u00e9p k\u00f6rhinta\" dir=\"ltr\">\n\t\t\t<div class=\"elementor-image-carousel swiper-wrapper\" aria-live=\"off\">\n\t\t\t\t\t\t\t\t<div class=\"swiper-slide\" role=\"group\" aria-roledescription=\"slide\" aria-label=\"1 \/ 3\"><figure class=\"swiper-slide-inner\"><img decoding=\"async\" class=\"swiper-slide-image\" src=\"https:\/\/sajatital.hu\/wp-content\/uploads\/2025\/02\/4-1-768x432.png\" alt=\"4-1\" \/><\/figure><\/div><div class=\"swiper-slide\" role=\"group\" aria-roledescription=\"slide\" aria-label=\"2 \/ 3\"><figure class=\"swiper-slide-inner\"><img decoding=\"async\" class=\"swiper-slide-image\" src=\"https:\/\/sajatital.hu\/wp-content\/uploads\/2025\/02\/5-2-768x432.png\" alt=\"5-2\" \/><\/figure><\/div><div class=\"swiper-slide\" role=\"group\" aria-roledescription=\"slide\" aria-label=\"3 \/ 3\"><figure class=\"swiper-slide-inner\"><img decoding=\"async\" class=\"swiper-slide-image\" src=\"https:\/\/sajatital.hu\/wp-content\/uploads\/2025\/02\/11-2-768x432.png\" alt=\"11-2\" \/><\/figure><\/div>\t\t\t<\/div>\n\t\t\t\t\t\t\t\t\t\t\t\t<div class=\"elementor-swiper-button elementor-swiper-button-prev\" role=\"button\" tabindex=\"0\">\n\t\t\t\t\t\t<svg aria-hidden=\"true\" class=\"e-font-icon-svg e-eicon-chevron-left\" viewBox=\"0 0 1000 1000\" xmlns=\"http:\/\/www.w3.org\/2000\/svg\"><path d=\"M646 125C629 125 613 133 604 142L308 442C296 454 292 471 292 487 292 504 296 521 308 533L604 854C617 867 629 875 646 875 663 875 679 871 692 858 704 846 713 829 713 812 713 796 708 779 692 767L438 487 692 225C700 217 708 204 708 187 708 171 704 154 692 142 675 129 663 125 646 125Z\"><\/path><\/svg>\t\t\t\t\t<\/div>\n\t\t\t\t\t<div class=\"elementor-swiper-button elementor-swiper-button-next\" role=\"button\" tabindex=\"0\">\n\t\t\t\t\t\t<svg aria-hidden=\"true\" class=\"e-font-icon-svg e-eicon-chevron-right\" viewBox=\"0 0 1000 1000\" xmlns=\"http:\/\/www.w3.org\/2000\/svg\"><path d=\"M696 533C708 521 713 504 713 487 713 471 708 454 696 446L400 146C388 133 375 125 354 125 338 125 325 129 313 142 300 154 292 171 292 187 292 204 296 221 308 233L563 492 304 771C292 783 288 800 288 817 288 833 296 850 308 863 321 871 338 875 354 875 371 875 388 867 400 854L696 533Z\"><\/path><\/svg>\t\t\t\t\t<\/div>\n\t\t\t\t\n\t\t\t\t\t\t\t\t\t<div class=\"swiper-pagination\"><\/div>\n\t\t\t\t\t\t\t\t\t<\/div>\n\t\t\t\t\t\t<\/div>\n\t\t\t\t<\/div>\n\t\t\t\t<div class=\"elementor-element elementor-element-084ac07 elementor-widget elementor-widget-text-editor\" data-id=\"084ac07\" data-element_type=\"widget\" data-e-type=\"widget\" data-settings=\"{&quot;_animation&quot;:&quot;none&quot;}\" data-widget_type=\"text-editor.default\">\n\t\t\t\t<div class=\"elementor-widget-container\">\n\t\t\t\t\t\t\t\t\t<p class=\"text-gold-glow\">Legyen az \u00d6n c\u00e9g\u00e9nek is saj\u00e1t log\u00f3val ell\u00e1tott energiaitala vagy gy\u00fcm\u00f6lcs \u00edz\u0171 sz\u00e9nsavas \u00fcd\u00edt\u0151itala!<br \/>\u00d6n elk\u00e9pzeli, Mi elk\u00e9sz\u00edtj\u00fck!<br \/>Ez\u00e9rt nincs m\u00e1s dolga, mint felvenni vel\u00fcnk a kapcsolatot \u00e9s r\u00e1nk b\u00edzni a r\u00e9szleteket.<br \/>Az elk\u00e9sz\u00edt\u00e9s menete:<\/p><p>-tervez\u00e9s (\u00e1tv\u00e1llalhat\u00f3)<br \/>-grafikai munka (\u00e1tv\u00e1llalhat\u00f3)<br \/>-term\u00e9k elk\u00e9sz\u00edt\u00e9se<br \/>-csomagol\u00e1s<br \/>-sz\u00e1ll\u00edt\u00e1s (\u00e1tv\u00e1llalhat\u00f3, de Budapest ter\u00fclet\u00e9n bel\u00fcl ingyenes)<\/p>\t\t\t\t\t\t\t\t<\/div>\n\t\t\t\t<\/div>\n\t\t\t\t<div class=\"elementor-element elementor-element-92c50aa elementor-widget elementor-widget-text-editor\" data-id=\"92c50aa\" data-element_type=\"widget\" data-e-type=\"widget\" data-widget_type=\"text-editor.default\">\n\t\t\t\t<div class=\"elementor-widget-container\">\n\t\t\t\t\t\t\t\t\t<p class=\"text-gold-glow\">A term\u00e9ket aj\u00e1nljuk:<br \/>C\u00e9geknek, Sportegyes\u00fcleteknek, rendezv\u00e9nyekre, fesztiv\u00e1lokra, esk\u00fcv\u0151re \u00e9s minden olyan alkalomra,<br \/>ahol fontos, hogy a fogyaszt\u00f3ban kellemes \u00e9rz\u00e9seket, gondolatokat, eml\u00e9keket gener\u00e1ljon!<\/p><p>A term\u00e9k kereskedelmi forgalomba tov\u00e1bb\u00e9rt\u00e9kes\u00edthet\u0151 (vonalk\u00f3ddal ell\u00e1tva),<br \/>amennyiben marketing eszk\u00f6zk\u00e9nt haszn\u00e1lja fel, abban az esetben a v\u00e9tel\u00e1r teljes m\u00e9rt\u00e9kben k\u00f6lts\u00e9gk\u00e9nt elsz\u00e1molhat\u00f3!<\/p><p>Az ital \u00f6sszetev\u0151i, illetve a kiter\u00edtett l\u00e1tv\u00e1nyterv \u00e9s a 360 fokban k\u00f6rbefordul\u00f3 v\u00e1zlat, a csatolm\u00e1nyban megtekintet\u0151.<br \/>Energiaital \u00e9s bodza-citrom limon\u00e1d\u00e9 (250ml.-\u00e9s,aludobozban):<br \/>480 db.-t\u00f3l: 399.-Ft.+\u00c1fa (+50Ft.vv.d\u00edj)<br \/>960 db.-t\u00f3l: 349.-Ft.+\u00c1fa (+50Ft.)<br \/>1.440 db.-t\u00f3l: 299.-Ft.+\u00e1Fa (+50Ft.)<br \/>1.920 db.-t\u00f3l: 279.-Ft.+\u00c1fa (+50Ft.)<br \/>2.880 db.-t\u00d3L: 259.-Ft.+\u00c1fa (+50Ft.)<br \/>5.760 db.-t\u00f3l: 239.-Ft.+\u00c1fa (+50Ft.)<br \/>11.520db.-t\u00f3l: 199.-Ft.+\u00c1fa (+50Ft.)<br \/>+8.000.- Ft. Konvert\u00e1l\u00e1si d\u00edj.<br \/>330ml.-es Citrom-menta: 5.000 db.-t\u00f3l: 259..-Ft.+\u00c1fa (+50Ft.)<\/p><p>Formalakkozott \u00e9s vagy dombornyomott arany,ez\u00fcst hidegf\u00f3li\u00e1s<br \/>term\u00e9kekn\u00e9l,egyedi \u00e1rakat alkalmazunk a grafika m\u00e9ret\u00e9t\u0151l f\u00fcgg\u0151en.<\/p><p>Budapesti c\u00edmre t\u00f6rt\u00e9n\u0151 sz\u00e1ll\u00edt\u00e1s ingyenes,5760 db.-t\u00f3l orsz\u00e1gosan is.<\/p><p>Az italok k\u00f6telez\u0151 felirat\u00e1t \u00e9s m\u00e9reteit,egy biank\u00f3s terven tudjuk<br \/>k\u00fcldeni vagy megegyez\u00e9s szerint,elk\u00e9sz\u00edtj\u00fck a tervet.<\/p><p>Az elk\u00e9sz\u00edt\u00e9si id\u0151 a k\u00e9sz grafik\u00e1t\u00f3l sz\u00e1m\u00edtva, 4-6 h\u00e9t.<\/p><p>Folyamatos rendel\u00e9s eset\u00e9n,egyedi \u00e1rakat biztos\u00edtunk.<\/p><p>V\u00e1rjuk sz\u00edves \u00e9rdekl\u0151d\u00e9s\u00e9t!<\/p><p>Rendel\u00e9s felv\u00e9tel kiz\u00e1r\u00f3lag a sajatital.hu@gmail.com e-mail c\u00edmen lehets\u00e9ges!<\/p>\t\t\t\t\t\t\t\t<\/div>\n\t\t\t\t<\/div>\n\t\t<div class=\"elementor-element elementor-element-fa6b332 e-con-full e-flex e-con e-child\" data-id=\"fa6b332\" data-element_type=\"container\" data-e-type=\"container\">\n\t\t<div class=\"elementor-element elementor-element-c55de38 e-con-full e-flex e-con e-child\" data-id=\"c55de38\" data-element_type=\"container\" data-e-type=\"container\">\n\t\t<div class=\"elementor-element elementor-element-8f4098a e-con-full e-flex e-con e-child\" data-id=\"8f4098a\" data-element_type=\"container\" data-e-type=\"container\">\n\t\t\t\t<div class=\"elementor-element elementor-element-0967cff elementor-widget elementor-widget-image\" data-id=\"0967cff\" data-element_type=\"widget\" data-e-type=\"widget\" data-widget_type=\"image.default\">\n\t\t\t\t<div class=\"elementor-widget-container\">\n\t\t\t\t\t\t\t\t\t\t\t\t\t\t\t<img decoding=\"async\" src=\"https:\/\/sajatital.hu\/wp-content\/uploads\/elementor\/thumbs\/2-r0o0uvcxr0detzjl1za0rtqfw9pwvsbn48cx2g95s4.jpg\" title=\"2\" alt=\"2\" loading=\"lazy\" \/>\t\t\t\t\t\t\t\t\t\t\t\t\t\t\t<\/div>\n\t\t\t\t<\/div>\n\t\t\t\t<\/div>\n\t\t<div class=\"elementor-element elementor-element-bf76b20 e-con-full e-flex e-con e-child\" data-id=\"bf76b20\" data-element_type=\"container\" data-e-type=\"container\">\n\t\t\t\t<div class=\"elementor-element elementor-element-b409f62 elementor-widget elementor-widget-heading\" data-id=\"b409f62\" data-element_type=\"widget\" data-e-type=\"widget\" data-widget_type=\"heading.default\">\n\t\t\t\t<div class=\"elementor-widget-container\">\n\t\t\t\t\t<h2 class=\"elementor-heading-title elementor-size-default\">Az energiaitalr\u00f3l:<\/h2>\t\t\t\t<\/div>\n\t\t\t\t<\/div>\n\t\t\t\t<div class=\"elementor-element elementor-element-0b6890e elementor-widget elementor-widget-text-editor\" data-id=\"0b6890e\" data-element_type=\"widget\" data-e-type=\"widget\" data-widget_type=\"text-editor.default\">\n\t\t\t\t<div class=\"elementor-widget-container\">\n\t\t\t\t\t\t\t\t\t<p class=\"text-gold-glow\">Zamatos gy\u00fcm\u00f6lcs\u00f6rv\u00e9ny a mindennapi lend\u00fclethez! Engedd, hogy a tutti frutti \u00edz felt\u00f6lts\u00f6n energi\u00e1val! Koffein \u00e9s vitamintartalm\u00fa, tutti frutti \u00edz\u0171 sz\u00e9nsavas energiaital.<br><br>\nMagas koffeintartalom: 32 mg\/100ml.<br><br>\nFogyaszt\u00e1sa gyermekek \u00e9s terhes vagy szoptat\u00f3 n\u0151k sz\u00e1m\u00e1ra nem aj\u00e1nlott. Magas v\u00e9rnyom\u00e1sban szenved\u0151knek, sz\u00edvbetegeknek, koffeinre \u00e9rz\u00e9keny szem\u00e9lyeknek nem aj\u00e1nlott. Fogyaszt\u00e1sa alkohollal egy\u00fctt nem javasolt.<br><br>\n\nRendel\u00e9s felv\u00e9tel kiz\u00e1r\u00f3lag a sajatital.hu@gmail.com e-mail c\u00edmen lehets\u00e9ges!<\/p>\t\t\t\t\t\t\t\t<\/div>\n\t\t\t\t<\/div>\n\t\t\t\t<\/div>\n\t\t\t\t<\/div>\n\t\t\t\t<\/div>\n\t\t<div class=\"elementor-element elementor-element-4a5edce e-con-full e-flex e-con e-child\" data-id=\"4a5edce\" data-element_type=\"container\" data-e-type=\"container\">\n\t\t<div class=\"elementor-element elementor-element-f605886 e-con-full e-flex e-con e-child\" data-id=\"f605886\" data-element_type=\"container\" data-e-type=\"container\">\n\t\t<div class=\"elementor-element elementor-element-7ae8bf8 e-con-full e-flex e-con e-child\" data-id=\"7ae8bf8\" data-element_type=\"container\" data-e-type=\"container\">\n\t\t\t\t<div class=\"elementor-element elementor-element-7d20481 elementor-widget elementor-widget-video\" data-id=\"7d20481\" data-element_type=\"widget\" data-e-type=\"widget\" data-settings=\"{&quot;video_type&quot;:&quot;hosted&quot;,&quot;autoplay&quot;:&quot;yes&quot;,&quot;controls&quot;:&quot;yes&quot;}\" data-widget_type=\"video.default\">\n\t\t\t\t<div class=\"elementor-widget-container\">\n\t\t\t\t\t\t\t<div class=\"e-hosted-video elementor-wrapper elementor-open-inline\">\n\t\t\t\t\t<video class=\"elementor-video\" src=\"https:\/\/sajatital.hu\/video\/hirdetes.webm\" autoplay=\"\" controls=\"\" controlsList=\"nodownload\"><\/video>\n\t\t\t\t<\/div>\n\t\t\t\t\t\t<\/div>\n\t\t\t\t<\/div>\n\t\t\t\t<\/div>\n\t\t<div class=\"elementor-element elementor-element-d845505 e-con-full e-flex e-con e-child\" data-id=\"d845505\" data-element_type=\"container\" data-e-type=\"container\">\n\t\t\t\t<div class=\"elementor-element elementor-element-f5dea54 elementor-widget elementor-widget-video\" data-id=\"f5dea54\" data-element_type=\"widget\" data-e-type=\"widget\" data-settings=\"{&quot;video_type&quot;:&quot;hosted&quot;,&quot;autoplay&quot;:&quot;yes&quot;,&quot;controls&quot;:&quot;yes&quot;}\" data-widget_type=\"video.default\">\n\t\t\t\t<div class=\"elementor-widget-container\">\n\t\t\t\t\t\t\t<div class=\"e-hosted-video elementor-wrapper elementor-open-inline\">\n\t\t\t\t\t<video class=\"elementor-video\" src=\"https:\/\/sajatital.hu\/video\/pizza.webm\" autoplay=\"\" controls=\"\" controlsList=\"nodownload\"><\/video>\n\t\t\t\t<\/div>\n\t\t\t\t\t\t<\/div>\n\t\t\t\t<\/div>\n\t\t\t\t<\/div>\n\t\t\t\t<\/div>\n\t\t\t\t<\/div>\n\t\t\t\t<\/div>\n\t\t\t\t<\/div>\n\t\t\t\t<\/div>\n\t\t","protected":false},"excerpt":{"rendered":"<p>https:\/\/sajatital.hu\/video\/Reklam-Magyar-verzio-4k.mp4 Legyen az \u00d6n c\u00e9g\u00e9nek is saj\u00e1t log\u00f3val ell\u00e1tott energiaitala vagy gy\u00fcm\u00f6lcs \u00edz\u0171 sz\u00e9nsavas \u00fcd\u00edt\u0151itala!\u00d6n elk\u00e9pzeli, Mi elk\u00e9sz\u00edtj\u00fck!Ez\u00e9rt nincs m\u00e1s dolga, mint felvenni vel\u00fcnk a kapcsolatot \u00e9s r\u00e1nk b\u00edzni a r\u00e9szleteket.Az elk\u00e9sz\u00edt\u00e9s menete: -tervez\u00e9s (\u00e1tv\u00e1llalhat\u00f3)-grafikai munka (\u00e1tv\u00e1llalhat\u00f3)-term\u00e9k elk\u00e9sz\u00edt\u00e9se-csomagol\u00e1s-sz\u00e1ll\u00edt\u00e1s (\u00e1tv\u00e1llalhat\u00f3, de Budapest ter\u00fclet\u00e9n bel\u00fcl ingyenes) A term\u00e9ket aj\u00e1nljuk:C\u00e9geknek, Sportegyes\u00fcleteknek, rendezv\u00e9nyekre, fesztiv\u00e1lokra, esk\u00fcv\u0151re \u00e9s minden olyan alkalomra,ahol &#8230; <a title=\"F\u0151oldal\" class=\"read-more\" href=\"https:\/\/sajatital.hu\/\" aria-label=\"Read more about F\u0151oldal\">Olvass tov\u00e1bb<\/a><\/p>\n","protected":false},"author":1,"featured_media":0,"parent":0,"menu_order":0,"comment_status":"closed","ping_status":"closed","template":"elementor_header_footer","meta":{"footnotes":""},"class_list":["post-263","page","type-page","status-publish"],"lang":"hu","translations":{"hu":263,"de":473,"en":474},"pll_sync_post":[],"_links":{"self":[{"href":"https:\/\/sajatital.hu\/index.php\/wp-json\/wp\/v2\/pages\/263","targetHints":{"allow":["GET"]}}],"collection":[{"href":"https:\/\/sajatital.hu\/index.php\/wp-json\/wp\/v2\/pages"}],"about":[{"href":"https:\/\/sajatital.hu\/index.php\/wp-json\/wp\/v2\/types\/page"}],"author":[{"embeddable":true,"href":"https:\/\/sajatital.hu\/index.php\/wp-json\/wp\/v2\/users\/1"}],"replies":[{"embeddable":true,"href":"https:\/\/sajatital.hu\/index.php\/wp-json\/wp\/v2\/comments?post=263"}],"version-history":[{"count":458,"href":"https:\/\/sajatital.hu\/index.php\/wp-json\/wp\/v2\/pages\/263\/revisions"}],"predecessor-version":[{"id":913,"href":"https:\/\/sajatital.hu\/index.php\/wp-json\/wp\/v2\/pages\/263\/revisions\/913"}],"wp:attachment":[{"href":"https:\/\/sajatital.hu\/index.php\/wp-json\/wp\/v2\/media?parent=263"}],"curies":[{"name":"wp","href":"https:\/\/api.w.org\/{rel}","templated":true}]}}